{"id":2,"date":"2021-06-07T15:05:17","date_gmt":"2021-06-07T13:05:17","guid":{"rendered":"https:\/\/1001-sciences.org\/?page_id=2"},"modified":"2021-06-11T12:09:38","modified_gmt":"2021-06-11T10:09:38","slug":"page-d-exemple","status":"publish","type":"page","link":"https:\/\/1001-sciences.org\/","title":{"rendered":"Les diff\u00e9rentes branches de la science"},"content":{"rendered":"\n<p><br>Il existe de nombreuses branches de la science, chacune ayant sa propre identit\u00e9. Certaines sont enseign\u00e9es tout au long de la scolarit\u00e9 normale, tandis que d&rsquo;autres sont \u00e9tudi\u00e9es de mani\u00e8re plus s\u00e9lective et ne sont enseign\u00e9es qu&rsquo;aux \u00e9tudiants ayant atteint un certain niveau de comp\u00e9tence. D&rsquo;autres encore, comme la g\u00e9n\u00e9tique et la microbiologie, ne sont enseign\u00e9es qu&rsquo;\u00e0 ceux qui sont d\u00e9j\u00e0 titulaires de dipl\u00f4mes scientifiques<\/p>\n\n\n\n<p>La biologie est l&rsquo;une des principales branches de la science qui a une forte emprise sur les esprits des jeunes et des moins jeunes. Les \u00e9tudiants ressentent souvent un lien fort avec les diff\u00e9rentes esp\u00e8ces d&rsquo;organismes qu&rsquo;ils \u00e9tudient, qu&rsquo;il s&rsquo;agisse de mouches, de bact\u00e9ries ou de mammif\u00e8res. La g\u00e9nomique est un domaine scientifique qui \u00e9tudie le patrimoine g\u00e9n\u00e9tique des \u00eatres vivants, en particulier des humains. Il existe de nombreux groupes d&rsquo;\u00e9tudiants interdisciplinaires qui travaillent ensemble sur des projets dont les racines remontent \u00e0 l&rsquo;\u00e9poque o\u00f9 ils sont apparus dans le monde.<\/p>\n\n\n\n<p>La chimie est \u00e9galement l&rsquo;une des principales branches de la science que la plupart des gens connaissent. Les \u00e9tudiants qui choisissent d&rsquo;\u00e9tudier la chimie se familiarisent avec les \u00e9l\u00e9ments, les compos\u00e9s, les agents de liaison, les gaz, les solvants et les solvants organiques. C&rsquo;est l&rsquo;une des trois principales branches de la science qui se concentre sur les processus chimiques qui ont lieu dans la mati\u00e8re vivante.<\/p>\n\n\n\n<p>La botanique est l&rsquo;une des principales branches de la biologie que les \u00e9tudiants choisissent d&rsquo;\u00e9tudier. Ceux qui s&rsquo;int\u00e9ressent \u00e0 ce domaine \u00e9tudient comment les plantes poussent, des racines aux feuilles. La culture des plantes est \u00e0 la fois une science et un art qui exige de la patience et du travail. Les \u00e9tudiants peuvent choisir de se sp\u00e9cialiser dans la physiologie ou l&rsquo;anatomie d&rsquo;une plante, en fonction de leurs int\u00e9r\u00eats. La botanique est l&rsquo;une des trois principales branches de la science qui concerne l&rsquo;\u00e9tude des sols.<\/p>\n\n\n\n<p>La botanique se d\u00e9compose en deux branches : la biologie et l&rsquo;\u00e9cologie. L&rsquo;\u00e9tude du sol est une partie importante de l&rsquo;\u00e9tude de la botanique. Pour mener des recherches dans ce domaine, les \u00e9tudiants doivent d&rsquo;abord faire un tour d&rsquo;horizon des diff\u00e9rents types de plantes, de leurs stades de croissance et de ce qu&rsquo;elles ont \u00e0 offrir. De nombreux sujets diff\u00e9rents sont abord\u00e9s en botanique. L&rsquo;un des principaux articles inclus dans un cours de biologie en laboratoire couvrira le sujet du sol.<\/p>\n\n\n\n<p>La zoologie est \u00e9galement l&rsquo;une des principales branches des sciences que les \u00e9tudiants choisissent d&rsquo;\u00e9tudier. L&rsquo;\u00e9tude de toutes les formes de vie sur Terre est incluse dans cette branche. Les \u00e9l\u00e8ves qui suivent un cours de zoologie apprennent \u00e0 conna\u00eetre la vari\u00e9t\u00e9 des animaux et des plantes qui existent \u00e0 l&rsquo;\u00e9tat sauvage et \u00e0 l&rsquo;\u00e9tat domestique. L&rsquo;un des principaux articles d&rsquo;un cours de zoologie en laboratoire portera sur le sujet de la taxonomie. La classification et la description des esp\u00e8ces constituent une partie importante de l&rsquo;\u00e9tude de la zoologie.<\/p>\n\n\n\n<p>Un doctorat en zoologie s&rsquo;obtient g\u00e9n\u00e9ralement au niveau universitaire, bien qu&rsquo;il soit possible d&rsquo;obtenir un baccalaur\u00e9at en zoologie dans certains coll\u00e8ges. Un doctorat comprend un cursus de quatre ans, de nombreuses heures de travail en laboratoire et l&rsquo;\u00e9tude de nombreux \u00eatres vivants. Parmi les sujets abord\u00e9s dans le cadre d&rsquo;un doctorat, citons la physiologie animale, la biologie cellulaire et tissulaire, le d\u00e9veloppement et la cr\u00e9ation du syst\u00e8me reproductif, le comportement du syst\u00e8me nerveux et du syst\u00e8me immunitaire, entre autres.<\/p>\n\n\n\n<p>Les sciences physiques sont l&rsquo;une des branches de la science que la plupart des gens ne consid\u00e8rent pas lorsqu&rsquo;ils envisagent une carri\u00e8re. Les sciences physiques traitent des propri\u00e9t\u00e9s de la mati\u00e8re et de la fa\u00e7on dont elles affectent le monde physique qui nous entoure. Les laboratoires de sciences comprennent parfois un laboratoire de sciences physiques. Ces laboratoires sont con\u00e7us pour \u00e9tudier des questions telles que : comment la chaleur du soleil affecte-t-elle la temp\u00e9rature de la peau des \u00eatres humains, comment l&rsquo;exploration spatiale affecte-t-elle le corps humain et comment la gravit\u00e9 affecte-t-elle la reproduction humaine. Ces types de questions et d&rsquo;autres du m\u00eame genre permettront d&rsquo;explorer l&rsquo;espace, de savoir s&rsquo;il y a de la vie sur d&rsquo;autres plan\u00e8tes et comment les d\u00e9bris spatiaux affecteront notre habitat spatial.<\/p>\n\n\n\n<h2 class=\"wp-block-heading\">Zoom sur la biologie<\/h2>\n\n\n\n<p>La biologie est l&rsquo;une des branches les plus int\u00e9ressantes de la biologie. En termes simples, la biologie est l&rsquo;\u00e9tude des \u00eatres vivants. C&rsquo;est un domaine tr\u00e8s vaste qui comporte de nombreux th\u00e8mes diff\u00e9rents, mais tous ont des points communs sous-jacents qui les relient. L&rsquo;un de ces th\u00e8mes est le m\u00e9tabolisme.<\/p>\n\n\n\n<p>Le m\u00e9tabolisme est le processus par lequel le corps cr\u00e9e et utilise des substances. Tous les \u00eatres vivants d\u00e9composent et remplacent en permanence leur vieille mati\u00e8re organique en d\u00e9composition afin de faire de la place pour des mati\u00e8res nouvelles et plus complexes telles que l&rsquo;\u00e9nergie, l&rsquo;oxyg\u00e8ne, l&rsquo;ADN, les hormones, les enzymes, etc. Ce processus se poursuit en permanence, dans un cycle qui s&rsquo;auto-perp\u00e9tue, tandis que la qualit\u00e9 de l&rsquo;environnement, ou qualit\u00e9 de vie, est la qualit\u00e9 de vie globale d&rsquo;un \u00eatre vivant.<\/p>\n\n\n\n<p>La relation entre la biologie et l&rsquo;environnement naturel est cependant assez \u00e9troite. Ils vont de pair lorsqu&rsquo;il s&rsquo;agit de cr\u00e9er une qualit\u00e9 de vie dans tout type d&rsquo;environnement. Lors de la construction d&rsquo;une nouvelle maison, il est important de cr\u00e9er un environnement int\u00e9rieur qui favorise une bonne biologie et un environnement naturel optimal. En ce qui concerne la biologie et la biologie du b\u00e2timent, l&rsquo;objectif est de cr\u00e9er un environnement int\u00e9rieur qui favorise la sant\u00e9 et la croissance optimales de tous les diff\u00e9rents types d&rsquo;organismes vivants qui composent l&rsquo;\u00eatre humain. Cet objectif est atteint gr\u00e2ce \u00e0 une conception soign\u00e9e, \u00e0 une s\u00e9lection correcte des mat\u00e9riaux appropri\u00e9s pour chaque partie de la maison, \u00e0 l&rsquo;inclusion de surfaces et de barri\u00e8res appropri\u00e9es pour que tout reste \u00e0 sa place, et \u00e0 une construction globalement saine.<\/p>\n\n\n\n<p>Le terme \u00ab\u00a0bio-bau-biologie\u00a0\u00bb d\u00e9crit pr\u00e9cis\u00e9ment ce processus. Il s&rsquo;agit d&rsquo;une combinaison des mots fran\u00e7ais qui se traduisent litt\u00e9ralement par \u00ab\u00a0vie et nature\u00a0\u00bb et du mot allemand \u00ab\u00a0bau\u00a0\u00bb qui signifie \u00ab\u00a0habitation\u00a0\u00bb. Ces deux mots tirent en fait leurs racines d&rsquo;un mot grec similaire, bios, qui signifie \u00e9galement la vie. Afin de cr\u00e9er une qualit\u00e9 de vie qui soit biologique dans son sens le plus large, la biologie du b\u00e2timent doit inclure une bonne appr\u00e9ciation des choses vivantes et non vivantes. Ainsi, la bio-bau-biologie est la science ou l&rsquo;art d&rsquo;int\u00e9grer tous les \u00eatres vivants et leurs \u0153uvres dans un habitat humain ou dans une structure de b\u00e2timent.<\/p>\n\n\n\n<p>La science de la bio-bau-biologie peut \u00eatre utilis\u00e9e \u00e0 des fins tr\u00e8s diverses, allant de l&rsquo;encouragement d&rsquo;un environnement sain \u00e0 la protection de la sant\u00e9 des occupants, en passant par le bon entretien des habitations. Un bon exemple serait l&rsquo;utilisation de mat\u00e9riaux sp\u00e9ciaux qui favorisent l&rsquo;int\u00e9grit\u00e9 structurelle naturelle du corps humain en veillant \u00e0 ce qu&rsquo;il ne s&rsquo;affaisse pas, ce qui \u00e9vite aux occupants beaucoup d&rsquo;inconfort physique et de douleur. Ces mat\u00e9riaux peuvent inclure des oreillers et des rails de soutien sp\u00e9cialement con\u00e7us pour emp\u00eacher le dos, le cou, les bras, les jambes et la t\u00eate de souffrir des cons\u00e9quences de la gravit\u00e9 pendant le sommeil, et pour maintenir la colonne vert\u00e9brale dans un alignement correct.<\/p>\n\n\n\n<p>Une autre fa\u00e7on pour la biologie d&rsquo;am\u00e9liorer la sant\u00e9 des personnes est d&rsquo;utiliser des mat\u00e9riaux qui offrent une protection contre les effets de la chaleur ou du froid. L&rsquo;utilisation de peintures color\u00e9es \u00e0 faible \u00e9mission pour les plafonds et les sols en est un bon exemple. Ces peintures permettent d&rsquo;isoler un b\u00e2timent et de maintenir une temp\u00e9rature int\u00e9rieure mod\u00e9r\u00e9e. L&rsquo;utilisation de portes vitr\u00e9es sp\u00e9ciales avec isolation contribue \u00e9galement \u00e0 offrir un environnement int\u00e9rieur plus sain.<\/p>\n\n\n\n<p>S&rsquo;il est \u00e9vident que la biologie est un sujet populaire de nos jours, peu de gens la connaissent. La biologie est en fait une combinaison de deux mots : biologique et b\u00e2timent. La science de la biologie du b\u00e2timent traite essentiellement de l&rsquo;\u00e9tude des \u00eatres vivants, de leur d\u00e9veloppement et de la mani\u00e8re dont ils interagissent les uns avec les autres. Dans le contexte de la biologie du b\u00e2timent, l&rsquo;\u00e9tude comprend l&rsquo;\u00e9tude des propri\u00e9t\u00e9s bio\u00e9nerg\u00e9tiques des mat\u00e9riaux de construction afin d&rsquo;am\u00e9liorer leurs capacit\u00e9s de maintien de la vie. L&rsquo;objectif est de rendre la construction et les mat\u00e9riaux \u00e0 l&rsquo;int\u00e9rieur du b\u00e2timent plus efficaces sur le plan \u00e9nerg\u00e9tique et, par cons\u00e9quent, de mieux lutter contre les effets du changement climatique, de garantir la sant\u00e9 et la s\u00e9curit\u00e9 des personnes pr\u00e9sentes dans le b\u00e2timent et de pr\u00e9server la terre et ses ressources.<\/p>\n\n\n\n<p>Beaucoup a \u00e9t\u00e9 dit sur les avantages de l&rsquo;utilisation de la biologie comme mat\u00e9riau de construction. En gardant ces faits \u00e0 l&rsquo;esprit, on peut conclure que les produits de biologie sont l&rsquo;une des alternatives vertes aux mat\u00e9riaux de construction conventionnels. Ils sont \u00e9cologiques et durables, car ils proviennent d&rsquo;organismes vivants tels que les plantes et les animaux. Cela signifie que la biologie r\u00e9duit les d\u00e9chets mis en d\u00e9charge et contribue \u00e0 pr\u00e9server les ressources naturelles et la biodiversit\u00e9. Si vous souhaitez en savoir plus sur les avantages de l&rsquo;utilisation de la biologie comme mat\u00e9riau de construction, vous pouvez consulter notre galerie de biologie en ligne pour plus d&rsquo;informations.<\/p>\n\n\n\n<p><\/p>\n","protected":false},"excerpt":{"rendered":"<p>Il existe de nombreuses branches de la science, chacune ayant sa propre identit\u00e9. Certaines sont enseign\u00e9es tout au long de la scolarit\u00e9 normale, tandis que d&rsquo;autres sont \u00e9tudi\u00e9es de mani\u00e8re plus s\u00e9lective et ne sont enseign\u00e9es qu&rsquo;aux \u00e9tudiants ayant atteint un certain niveau de comp\u00e9tence. D&rsquo;autres encore, comme la g\u00e9n\u00e9tique et la microbiologie, ne sont &hellip; <\/p>\n<p class=\"link-more\"><a href=\"https:\/\/1001-sciences.org\/\" class=\"more-link\">Continuer la lecture <span class=\"screen-reader-text\"> \u00ab\u00a0Les diff\u00e9rentes branches de la science\u00a0\u00bb<\/span><\/a><\/p>\n","protected":false},"author":2,"featured_media":0,"parent":0,"menu_order":0,"comment_status":"closed","ping_status":"open","template":"","meta":{"footnotes":""},"class_list":["post-2","page","type-page","status-publish","hentry","entry"],"_links":{"self":[{"href":"https:\/\/1001-sciences.org\/index.php?rest_route=\/wp\/v2\/pages\/2"}],"collection":[{"href":"https:\/\/1001-sciences.org\/index.php?rest_route=\/wp\/v2\/pages"}],"about":[{"href":"https:\/\/1001-sciences.org\/index.php?rest_route=\/wp\/v2\/types\/page"}],"author":[{"embeddable":true,"href":"https:\/\/1001-sciences.org\/index.php?rest_route=\/wp\/v2\/users\/2"}],"replies":[{"embeddable":true,"href":"https:\/\/1001-sciences.org\/index.php?rest_route=%2Fwp%2Fv2%2Fcomments&post=2"}],"version-history":[{"count":1,"href":"https:\/\/1001-sciences.org\/index.php?rest_route=\/wp\/v2\/pages\/2\/revisions"}],"predecessor-version":[{"id":9,"href":"https:\/\/1001-sciences.org\/index.php?rest_route=\/wp\/v2\/pages\/2\/revisions\/9"}],"wp:attachment":[{"href":"https:\/\/1001-sciences.org\/index.php?rest_route=%2Fwp%2Fv2%2Fmedia&parent=2"}],"curies":[{"name":"wp","href":"https:\/\/api.w.org\/{rel}","templated":true}]}}